{"id":18159,"date":"2022-01-10T16:48:35","date_gmt":"2022-01-10T19:48:35","guid":{"rendered":"http:\/\/maurinsoft.com.br\/?page_id=18159"},"modified":"2022-01-10T16:48:35","modified_gmt":"2022-01-10T19:48:35","slug":"desenvolvedor-de-projetos-de-automacao-comercial","status":"publish","type":"page","link":"https:\/\/maurinsoft.com.br\/wp\/en\/desenvolvedor-de-projetos-de-automacao-comercial\/","title":{"rendered":"Desenvolvedor de Projetos de automa\u00e7\u00e3o comercial"},"content":{"rendered":"<p>Desenvolvimento de aplica\u00e7\u00f5es integradas para automa\u00e7\u00e3o comercial.<\/p>\n\n\n\n<p>Com muita experi\u00eancia em C\/Delphi, Linux, Windows, Mac.<\/p>\n\n\n\n<p>Caso tenha interesse ou um projeto que queira or\u00e7ar conosco, entre em contato em nosso <a href=\"mailtto:marcelomaurinmartins@gmail.com\">email<\/a>.<\/p>\n\n\n\n<h3 class=\"wp-block-heading\" id=\"inventario-de-hardwares-da-maurinsoft\">Invent\u00e1rio de Hardwares da Maurinsoft<\/h3>\n\n\n\n<p>Segue lista de equipamentos que possuo para desenvolvimento.<\/p>\n\n\n\n<ul class=\"wp-block-list\"><li>Monitor 15 polegadas touch screen USB<\/li><li>2 PCs HP Workstation Z600 24gb RAM, SSD 480HD, HD 2T &#8211; V\u00eddeo Quadro 600\/Quadro 1700 outra Quadro 4000<\/li><li>1 PC HP Workstation Z400 12gb, V\u00eddeo GTX-1080 &#8211;<\/li><li>SAT de Desenvolvimento CARE<\/li><li>Impressora n\u00e3o Elgin Fiscal i9<\/li><li>Leitor Biom\u00e9trico Fultronic FS88<\/li><li>Leitor Biom\u00e9trico Microsoft<\/li><li>RFID CIS Serial<\/li><li>RFID Microsoft USB gen\u00e9rico<\/li><li>PIN PAD USB PPC910L USB<\/li><li>Placa de CFTV PCI<\/li><li>Placa de Captura Easy Cap USB<\/li><li>Sensor de Moeda (Moedeiro) OEM<\/li><li>Scanner USB Bematech<\/li><li>Scanner USB 2d\/1d Generico<\/li><li>RFID para Celular<\/li><li>NFC USB<\/li><li>Teclado Comercial GERTEC D65<\/li><li>Impressora Zebra Bematech Elgin L42 PRO<\/li><li>Balan\u00e7a PRIX 3PLUS<\/li><li>USB 3G<\/li><li>Gateway FXO FXS Voipe<\/li><li>2 Impressoras termica OEM <\/li><li>1 Impressora T\u00e9rmica Port\u00b4atil Bluetooth<\/li><li>Leitor 2D\/1D Barras USB\/Bluetooth<\/li><li>Leitor 2D\/1D OEM TTL<\/li><li>Raspberry 4 &#8211; 4GRAM SD 64Gb<\/li><li>Raspberry 3 &#8211; 1Gb SD 32<\/li><li>Cubieboard 2 &#8211; 1Mb SSD 128Gb<\/li><li>USB para RS485<\/li><li>USB para Serial<\/li><li>USB para TTL<\/li><li>Raspberry Zero W e Zero, 512Mb com 16Gb de SD<\/li><li>2 Android Tablet  7 polegadas<\/li><li>Iphone 6<\/li><li>Celular Android 11 com NFC integrado e 5G<\/li><li>POS Bluetooth<\/li><li>Arduino UNO\/Mega\/Leonardo<\/li><li>Esp32<\/li><li>Diversos sensores para arduino<\/li><\/ul>\n\n\n\n<p>Havendo interesse em desenvolvimento com os hardwares apresentados, entre em contato.<\/p>\n\n\n\n<p><\/p>\n\n\n\n<p>Outros projetos que j\u00e1 atuei:<\/p>\n\n\n\n<ul class=\"wp-block-list\"><li>URA DIALOGIC<\/li><li>Concentradores EZTECH<\/li><li>Concentradores Companytech<\/li><li>Leitor de Pre\u00e7o TANCA VP-240W<\/li><\/ul>\n\n\n\n<h3 class=\"wp-block-heading\" id=\"projetos-esc-pos\">Projetos ESC POS<\/h3>\n\n\n\n<figure class=\"wp-block-embed is-type-video is-provider-youtube wp-block-embed-youtube wp-embed-aspect-16-9 wp-has-aspect-ratio\"><div class=\"wp-block-embed__wrapper\">\n<iframe loading=\"lazy\" title=\"imprimindo c\u00f3digo de barras na elgin i9\" width=\"1170\" height=\"658\" src=\"https:\/\/www.youtube.com\/embed\/9g7Qc1nfZIc?feature=oembed\" frameborder=\"0\" allow=\"accelerometer; autoplay; clipboard-write; encrypted-media; gyroscope; picture-in-picture; web-share\" referrerpolicy=\"strict-origin-when-cross-origin\" allowfullscreen><\/iframe>\n<\/div><figcaption>Projeto ESC POS<\/figcaption><\/figure>\n\n\n\n<h3 class=\"wp-block-heading\" id=\"projeto-rfid\">Projeto RFID<\/h3>\n\n\n\n<p><a href=\"http:\/\/maurinsoft.com.br\/index.php\/projeto-leitor-rfid\/\">http:\/\/maurinsoft.com.br\/index.php\/projeto-leitor-rfid\/<\/a><\/p>\n\n\n\n<h3 class=\"wp-block-heading\" id=\"projeto-servidor-de-sms\">Projeto Servidor de SMS<\/h3>\n\n\n\n<figure class=\"wp-block-embed is-type-wp-embed is-provider-maurinsoft wp-block-embed-maurinsoft\"><div class=\"wp-block-embed__wrapper\">\n<blockquote class=\"wp-embedded-content\" data-secret=\"hCKDEYxiDy\"><a href=\"https:\/\/maurinsoft.com.br\/wp\/en\/projeto-servidor-de-sms\/\">Projeto Servidor de SMS<\/a><\/blockquote><iframe loading=\"lazy\" class=\"wp-embedded-content\" sandbox=\"allow-scripts\" security=\"restricted\" style=\"position: absolute; visibility: hidden;\" title=\"&#8220;Projeto Servidor de SMS&#8221; &#8212; \" src=\"https:\/\/maurinsoft.com.br\/projeto-servidor-de-sms\/embed\/#?secret=zGXobtZ5Ib#?secret=hCKDEYxiDy\" data-secret=\"hCKDEYxiDy\" width=\"600\" height=\"338\" frameborder=\"0\" marginwidth=\"0\" marginheight=\"0\" scrolling=\"no\"><\/iframe>\n<\/div><\/figure>","protected":false},"excerpt":{"rendered":"<p>Desenvolvimento de aplica\u00e7\u00f5es integradas para automa\u00e7\u00e3o comercial. Com muita experi\u00eancia em C\/Delphi, Linux, Windows, Mac. Caso tenha interesse ou um projeto que queira or\u00e7ar conosco, entre em contato em nosso email. Invent\u00e1rio de Hardwares da Maurinsoft Segue lista de equipamentos que possuo para desenvolvimento. Monitor 15 polegadas touch screen USB 2 PCs HP Workstation Z600 [&hellip;]<\/p>","protected":false},"author":1,"featured_media":0,"parent":0,"menu_order":0,"comment_status":"closed","ping_status":"closed","template":"","meta":{"footnotes":""},"class_list":["post-18159","page","type-page","status-publish","hentry"],"_links":{"self":[{"href":"https:\/\/maurinsoft.com.br\/wp\/en\/wp-json\/wp\/v2\/pages\/18159","targetHints":{"allow":["GET"]}}],"collection":[{"href":"https:\/\/maurinsoft.com.br\/wp\/en\/wp-json\/wp\/v2\/pages"}],"about":[{"href":"https:\/\/maurinsoft.com.br\/wp\/en\/wp-json\/wp\/v2\/types\/page"}],"author":[{"embeddable":true,"href":"https:\/\/maurinsoft.com.br\/wp\/en\/wp-json\/wp\/v2\/users\/1"}],"replies":[{"embeddable":true,"href":"https:\/\/maurinsoft.com.br\/wp\/en\/wp-json\/wp\/v2\/comments?post=18159"}],"version-history":[{"count":0,"href":"https:\/\/maurinsoft.com.br\/wp\/en\/wp-json\/wp\/v2\/pages\/18159\/revisions"}],"wp:attachment":[{"href":"https:\/\/maurinsoft.com.br\/wp\/en\/wp-json\/wp\/v2\/media?parent=18159"}],"curies":[{"name":"wp","href":"https:\/\/api.w.org\/{rel}","templated":true}]}}