{"id":22045,"date":"2022-08-26T06:53:40","date_gmt":"2022-08-26T09:53:40","guid":{"rendered":"http:\/\/maurinsoft.com.br\/?page_id=22045"},"modified":"2024-12-01T13:49:57","modified_gmt":"2024-12-01T16:49:57","slug":"doctor","status":"publish","type":"page","link":"https:\/\/maurinsoft.com.br\/wp\/en\/doctor\/","title":{"rendered":"Doctor"},"content":{"rendered":"<p>Doctor \u00e9 um projeto open source, destinado a cria\u00e7\u00e3o de uma unidade de exames laboratoriais automatizados.<\/p>\n\n\n\n<p>O Doctor permite a customiza\u00e7\u00e3o de exames, atrav\u00e9s de sintaxe simples e intu\u00edtiva.<\/p>\n\n\n\n<p>Permitindo criar exames diversos, conforme os m\u00f3dulos e programas associados.<\/p>\n\n\n\n<p>O doctor \u00e9 totalmente open source, e open hardware.<\/p>\n\n\n\n<figure class=\"wp-block-image size-full\"><img decoding=\"async\" src=\"http:\/\/maurinsoft.com.br\/wp-content\/uploads\/2022\/08\/doctor.jpg\" alt=\"\" class=\"wp-image-22047\"\/><\/figure>\n\n\n\n<p><\/p>\n\n\n\n<h2 class=\"wp-block-heading\" id=\"etapas\">Etapas<\/h2>\n\n\n\n<ul class=\"wp-block-list\">\n<li>Coleta &#8211; Coleta laboratorial do exame, com etiquetagem.<\/li>\n\n\n\n<li>Registro &#8211; Entrada da coleta no sistema, onde a mesma passa a ter um registro e ser\u00e1 monitorada.<\/li>\n\n\n\n<li>Comando &#8211; Associa\u00e7\u00e3o da coleta a um procedimento laboratorial<\/li>\n\n\n\n<li>Processamento &#8211; Associa\u00e7\u00e3o de inicio do processo laboratorial, com realiza\u00e7\u00e3o dos procedimentos automatizados.<\/li>\n\n\n\n<li>Entrega &#8211; Impress\u00e3o dos resultados obtidos, realiza\u00e7\u00e3o dos procedimentos p\u00f3s laboratoriais.<\/li>\n\n\n\n<li>Descarte &#8211; Entrega do material coletado para posterior descarte dos res\u00edduos.<\/li>\n<\/ul>\n\n\n\n<h2 class=\"wp-block-heading\" id=\"exemplo-de-programacao\">Exemplo de Programa\u00e7\u00e3o<\/h2>\n\n\n\n<p>As receitas, s\u00e3o atividades associadas ao equipamento, permitindo comportamento customizavel.<\/p>\n\n\n\n<pre class=\"wp-block-code\"><code>BEGIN\nMSG=Bem vindo ao sistema\nWAITIME=2\nMSGSTOP=Insira a amostra que ser\u00e1 analisada\nSOUND\nMSGSTOP=Feche a tampa e pressione OK\nMSG=Iniciando processo\nMOVE=MOD1\nSOUND\nMSG=FASE1\nCALL=MOD1,&#91;$FILENAME]\nWAIT=MOD1\nSOUND\nMOVE=MOD2\nSOUND\nMSG=FASE2\nCALL=MOD2,&#91;$FILENAME]\nWAIT=MOD2\nSOUND\nMSG=ANALISE EXAME\nMOVE=MOD4\nSOUND\nCALL=MOD4,&#91;$FILENAME]\nWAIT=MOD4\nSOUND\nMSG=Retornando Amostra\nCALL=MOD0,&#91;$FILENAME]\nWAIT=MOD0\nBEEP\nMSGSTOP=RETIRE A AMOSTRA e Press OK\nMSG=Fim de processo\nEND<\/code><\/pre>\n\n\n\n<p><\/p>\n\n\n\n<h2 class=\"wp-block-heading\" id=\"modulos\">M\u00f3dulos<\/h2>\n\n\n\n<p>O projeto Doctor foi criado em m\u00f3dulos separados, cada qual com sua responsabilidade.<\/p>\n\n\n\n<h3 class=\"wp-block-heading\" id=\"tipos-de-modulos\">Tipos de M\u00f3dulos<\/h3>\n\n\n\n<ul class=\"wp-block-list\">\n<li>CPU \/ HMI &#8211; Realiza o orquestramento e gest\u00e3o de todos os processos<\/li>\n<\/ul>\n\n\n\n<ul class=\"wp-block-list\">\n<li>M\u00f3dulo de Transporte &#8211; M\u00f3dulo principal associado a entrega das amostras a cada subm\u00f3dulo<\/li>\n<\/ul>\n\n\n\n<ul class=\"wp-block-list\">\n<li>M\u00f3dulos &#8211; Cada m\u00f3dulo realiza um teste ou parte de um teste definido.<\/li>\n<\/ul>\n\n\n\n<p><\/p>\n\n\n\n<p>Um m\u00f3dulo cumpre um determinado papel dentro das diversas etapas associadas.<\/p>\n\n\n\n<p>Cada m\u00f3dulo ter\u00e1 software e hardware associado.<\/p>\n\n\n\n<p><\/p>\n\n\n\n<figure class=\"wp-block-image size-large\"><img decoding=\"async\" src=\"http:\/\/maurinsoft.com.br\/wp-content\/uploads\/2022\/10\/WhatsApp-Image-2022-10-16-at-10.57.13-1024x576.jpeg\" alt=\"\" class=\"wp-image-22692\"\/><figcaption class=\"wp-element-caption\">Prot\u00f3tipo do m\u00f3dulo de transporte em constru\u00e7\u00e3o<\/figcaption><\/figure>\n\n\n\n<p><\/p>\n\n\n\n<h2 class=\"wp-block-heading\" id=\"git\">GIT<\/h2>\n\n\n\n<p><a href=\"https:\/\/github.com\/marcelomaurin\/doctor\">https:\/\/github.com\/marcelomaurin\/doctor<\/a><\/p>\n\n\n\n<h2 class=\"wp-block-heading\" id=\"documentacao-do-projeto\">Documenta\u00e7\u00e3o do Projeto<\/h2>\n\n\n\n<p><a href=\"https:\/\/maurinsoft.com.br\/wp\/en\/?docs=doctor\" target=\"_blank\" rel=\"noreferrer noopener\">http:\/\/maurinsoft.com.br\/index.php\/docs\/doctor\/<\/a><\/p>\n\n\n\n<p><\/p>\n\n\n\n<h2 class=\"wp-block-heading\" id=\"artigos-relacionados\">Artigos relacionados<\/h2>\n\n\n<ul class=\"wp-block-latest-posts__list has-dates wp-block-latest-posts\"><\/ul>","protected":false},"excerpt":{"rendered":"<p>Doctor \u00e9 um projeto open source, destinado a cria\u00e7\u00e3o de uma unidade de exames laboratoriais automatizados. O Doctor permite a customiza\u00e7\u00e3o de exames, atrav\u00e9s de sintaxe simples e intu\u00edtiva. Permitindo criar exames diversos, conforme os m\u00f3dulos e programas associados. O doctor \u00e9 totalmente open source, e open hardware. Etapas Exemplo de Programa\u00e7\u00e3o As receitas, s\u00e3o [&hellip;]<\/p>","protected":false},"author":1,"featured_media":0,"parent":0,"menu_order":0,"comment_status":"closed","ping_status":"closed","template":"","meta":{"footnotes":""},"class_list":["post-22045","page","type-page","status-publish","hentry"],"_links":{"self":[{"href":"https:\/\/maurinsoft.com.br\/wp\/en\/wp-json\/wp\/v2\/pages\/22045","targetHints":{"allow":["GET"]}}],"collection":[{"href":"https:\/\/maurinsoft.com.br\/wp\/en\/wp-json\/wp\/v2\/pages"}],"about":[{"href":"https:\/\/maurinsoft.com.br\/wp\/en\/wp-json\/wp\/v2\/types\/page"}],"author":[{"embeddable":true,"href":"https:\/\/maurinsoft.com.br\/wp\/en\/wp-json\/wp\/v2\/users\/1"}],"replies":[{"embeddable":true,"href":"https:\/\/maurinsoft.com.br\/wp\/en\/wp-json\/wp\/v2\/comments?post=22045"}],"version-history":[{"count":2,"href":"https:\/\/maurinsoft.com.br\/wp\/en\/wp-json\/wp\/v2\/pages\/22045\/revisions"}],"predecessor-version":[{"id":25825,"href":"https:\/\/maurinsoft.com.br\/wp\/en\/wp-json\/wp\/v2\/pages\/22045\/revisions\/25825"}],"wp:attachment":[{"href":"https:\/\/maurinsoft.com.br\/wp\/en\/wp-json\/wp\/v2\/media?parent=22045"}],"curies":[{"name":"wp","href":"https:\/\/api.w.org\/{rel}","templated":true}]}}