{"id":69,"date":"2019-03-04T15:46:27","date_gmt":"2019-03-04T18:46:27","guid":{"rendered":"http:\/\/maurinsoft.com.br\/?page_id=69"},"modified":"2019-03-04T15:46:27","modified_gmt":"2019-03-04T18:46:27","slug":"projetos-open-source","status":"publish","type":"page","link":"https:\/\/maurinsoft.com.br\/wp\/en\/projetos-open-source\/","title":{"rendered":"Projetos Open Source"},"content":{"rendered":"<hr class=\"wp-block-separator\"\/>\n\n\n\n<p>Desenvolvimento e customiza\u00e7\u00e3o de projetos. <\/p>\n\n\n\n<p>Com anos de experi\u00eancia desenvolvo e customizo projetos em Linux com C ou Lazarus para sua empresa.<\/p>\n\n\n\n<div class=\"wp-block-columns is-layout-flex wp-container-core-columns-is-layout-9d6595d7 wp-block-columns-is-layout-flex\">\n<div class=\"wp-block-column is-layout-flow wp-block-column-is-layout-flow\"><\/div>\n\n\n\n<div class=\"wp-block-column is-layout-flow wp-block-column-is-layout-flow\"><\/div>\n<\/div>\n\n\n\n<h2 class=\"wp-block-heading\" id=\"lista-de-projetos-open-source\">Lista de Projetos Open Source<\/h2>\n\n\n\n<div class=\"wp-block-group\"><div class=\"wp-block-group__inner-container is-layout-flow wp-block-group-is-layout-flow\">\n<figure class=\"wp-block-embed is-type-wp-embed is-provider-maurinsoft wp-block-embed-maurinsoft\"><div class=\"wp-block-embed__wrapper\">\n<blockquote class=\"wp-embedded-content\" data-secret=\"ekVlbCKgKa\"><a href=\"https:\/\/maurinsoft.com.br\/wp\/en\/projeto-servidor-de-sms\/\">Projeto Servidor de SMS<\/a><\/blockquote><iframe loading=\"lazy\" class=\"wp-embedded-content\" sandbox=\"allow-scripts\" security=\"restricted\" style=\"position: absolute; visibility: hidden;\" title=\"&#8220;Projeto Servidor de SMS&#8221; &#8212; \" src=\"https:\/\/maurinsoft.com.br\/projeto-servidor-de-sms\/embed\/#?secret=PK4m6wYP2p#?secret=ekVlbCKgKa\" data-secret=\"ekVlbCKgKa\" width=\"600\" height=\"338\" frameborder=\"0\" marginwidth=\"0\" marginheight=\"0\" scrolling=\"no\"><\/iframe>\n<\/div><\/figure>\n<\/div><\/div>\n\n\n\n<figure class=\"wp-block-embed is-type-wp-embed is-provider-maurinsoft wp-block-embed-maurinsoft\"><div class=\"wp-block-embed__wrapper\">\n<blockquote class=\"wp-embedded-content\" data-secret=\"Xj1GFEgWKs\"><a href=\"https:\/\/maurinsoft.com.br\/wp\/en\/projetos-open-source\/abajur-com-arduino\/\">Abajur com Arduino<\/a><\/blockquote><iframe loading=\"lazy\" class=\"wp-embedded-content\" sandbox=\"allow-scripts\" security=\"restricted\" style=\"position: absolute; visibility: hidden;\" title=\"&#8220;Abajur com Arduino&#8221; &#8212; \" src=\"https:\/\/maurinsoft.com.br\/projetos-open-source\/abajur-com-arduino\/embed\/#?secret=aO3rlJvqDR#?secret=Xj1GFEgWKs\" data-secret=\"Xj1GFEgWKs\" width=\"600\" height=\"338\" frameborder=\"0\" marginwidth=\"0\" marginheight=\"0\" scrolling=\"no\"><\/iframe>\n<\/div><\/figure>\n\n\n\n<p><a href=\"http:\/\/maurinsoft.com.br\/index.php\/projetos-open-source\/casa-inteligente\/\">http:\/\/maurinsoft.com.br\/index.php\/projetos-open-source\/casa-inteligente\/<\/a><\/p>\n\n\n\n<figure class=\"wp-block-embed is-type-wp-embed is-provider-maurinsoft wp-block-embed-maurinsoft\"><div class=\"wp-block-embed__wrapper\">\n<blockquote class=\"wp-embedded-content\" data-secret=\"yxDtltoAOn\"><a href=\"https:\/\/maurinsoft.com.br\/wp\/en\/projetos-open-source\/forno-etec\/\">Forno ETEC<\/a><\/blockquote><iframe loading=\"lazy\" class=\"wp-embedded-content\" sandbox=\"allow-scripts\" security=\"restricted\" style=\"position: absolute; visibility: hidden;\" title=\"&#8220;Forno ETEC&#8221; &#8212; \" src=\"https:\/\/maurinsoft.com.br\/projetos-open-source\/forno-etec\/embed\/#?secret=7SYGEpfmy8#?secret=yxDtltoAOn\" data-secret=\"yxDtltoAOn\" width=\"600\" height=\"338\" frameborder=\"0\" marginwidth=\"0\" marginheight=\"0\" scrolling=\"no\"><\/iframe>\n<\/div><\/figure>","protected":false},"excerpt":{"rendered":"<p>Desenvolvimento e customiza\u00e7\u00e3o de projetos. Com anos de experi\u00eancia desenvolvo e customizo projetos em Linux com C ou Lazarus para sua empresa. Lista de Projetos Open Source http:\/\/maurinsoft.com.br\/index.php\/projetos-open-source\/casa-inteligente\/<\/p>","protected":false},"author":1,"featured_media":0,"parent":0,"menu_order":0,"comment_status":"closed","ping_status":"closed","template":"","meta":{"footnotes":""},"class_list":["post-69","page","type-page","status-publish","hentry"],"_links":{"self":[{"href":"https:\/\/maurinsoft.com.br\/wp\/en\/wp-json\/wp\/v2\/pages\/69","targetHints":{"allow":["GET"]}}],"collection":[{"href":"https:\/\/maurinsoft.com.br\/wp\/en\/wp-json\/wp\/v2\/pages"}],"about":[{"href":"https:\/\/maurinsoft.com.br\/wp\/en\/wp-json\/wp\/v2\/types\/page"}],"author":[{"embeddable":true,"href":"https:\/\/maurinsoft.com.br\/wp\/en\/wp-json\/wp\/v2\/users\/1"}],"replies":[{"embeddable":true,"href":"https:\/\/maurinsoft.com.br\/wp\/en\/wp-json\/wp\/v2\/comments?post=69"}],"version-history":[{"count":0,"href":"https:\/\/maurinsoft.com.br\/wp\/en\/wp-json\/wp\/v2\/pages\/69\/revisions"}],"wp:attachment":[{"href":"https:\/\/maurinsoft.com.br\/wp\/en\/wp-json\/wp\/v2\/media?parent=69"}],"curies":[{"name":"wp","href":"https:\/\/api.w.org\/{rel}","templated":true}]}}