{"id":896,"date":"2019-05-27T20:35:41","date_gmt":"2019-05-27T23:35:41","guid":{"rendered":"http:\/\/maurinsoft.com.br\/?page_id=896"},"modified":"2023-08-16T16:17:40","modified_gmt":"2023-08-16T19:17:40","slug":"curriculum-delphi","status":"publish","type":"page","link":"https:\/\/maurinsoft.com.br\/wp\/en\/sobre-nos\/curriculum-delphi\/","title":{"rendered":"Curriculum Delphi"},"content":{"rendered":"<div class=\"wp-block-image\">\n<figure class=\"alignleft is-resized\"><img loading=\"lazy\" decoding=\"async\" src=\"http:\/\/maurinsoft.com.br\/wp-content\/uploads\/2019\/05\/DELPHI.jpg\" alt=\"\" class=\"wp-image-897\" style=\"width:101px;height:101px\" width=\"101\" height=\"101\"\/><\/figure>\n<\/div>\n\n\n<h2 class=\"wp-block-heading\">Projetos em Delphi<\/h2>\n\n\n\n<p><a href=\"http:\/\/maurinsoft.com.br\/wp\/en\/download\/Curriculum%20Delphi%202017.pdf\/\">Meu cv delphi<\/a><\/p>\n\n\n\n<p><\/p>\n\n\n\n<h2 class=\"wp-block-heading\">Trajet\u00f3ria com Delphi<\/h2>\n\n\n\n<p>Minha longa trajet\u00f3ria com Delphi remonta 1999, onde comece com a vers\u00e3o 3.<\/p>\n\n\n\n<p>Entre projetos que atuei est\u00e3o desenvolvimento de ERPs para empresas, tais como Assobrav Volkswagen, Config. Delphi 7 ADO\/ORACLE.<\/p>\n\n\n\n<p>Entre empresas que trabalhei com Delphi, <\/p>\n\n\n\n<ul class=\"wp-block-list\">\n<li>COMLINK (2000-2002)<\/li>\n\n\n\n<li>Assobrav\/Volkswagen (2006)<\/li>\n\n\n\n<li>IG (2007)<\/li>\n\n\n\n<li>Agencia Estado (Estad\u00e3o) (2008\/2009)<\/li>\n\n\n\n<li>CONSINCO\/TOTVS (2019\/2020)<\/li>\n<\/ul>\n\n\n\n<p>Sistemas de controle de ponto (ICATEL\/Telem\u00e1tica), desenvolvendo sistemas de biometria, rfid, catracas, entre outros. Delphi 4-7, BDE, ADO<\/p>\n\n\n\n<p>ERP Thor , agencia estado, onde atuei com Vers\u00e3o 7, ADO, Oracle<\/p>\n\n\n\n<h3 class=\"wp-block-heading\">Automa\u00e7\u00e3o comercial PDV<\/h3>\n\n\n\n<p>Ampla viv\u00eancia em ACBR, BARCODE, Impressoras ESC POS.<\/p>\n\n\n\n<p>Link:<\/p>\n\n\n\n<figure class=\"wp-block-embed is-type-wp-embed is-provider-maurinsoft wp-block-embed-maurinsoft\"><div class=\"wp-block-embed__wrapper\">\n<blockquote class=\"wp-embedded-content\" data-secret=\"M65dw4Q0q1\"><a href=\"https:\/\/maurinsoft.com.br\/wp\/en\/desenvolvedor-de-projetos-de-automacao-comercial\/\">Desenvolvedor de Projetos de automa\u00e7\u00e3o comercial<\/a><\/blockquote><iframe loading=\"lazy\" class=\"wp-embedded-content\" sandbox=\"allow-scripts\" security=\"restricted\" style=\"position: absolute; visibility: hidden;\" title=\"&#8220;Desenvolvedor de Projetos de automa\u00e7\u00e3o comercial&#8221; &#8212; \" src=\"https:\/\/maurinsoft.com.br\/desenvolvedor-de-projetos-de-automacao-comercial\/embed\/#?secret=0xWmwh2DCz#?secret=M65dw4Q0q1\" data-secret=\"M65dw4Q0q1\" width=\"600\" height=\"338\" frameborder=\"0\" marginwidth=\"0\" marginheight=\"0\" scrolling=\"no\"><\/iframe>\n<\/div><\/figure>\n\n\n\n<h3 class=\"wp-block-heading\">Bancos de dados <\/h3>\n\n\n\n<p>Atuei muito com Oracle\/PLSQL, SQL Server, Interbase, Mysql, POSTGRES.<\/p>\n\n\n\n<p>Atuei com migra\u00e7\u00e3o entre mysql para postgres, SQL Server para Mysql,.<\/p>\n\n\n\n<p>Tenho forte vivencia nestes bancos, em especial em oracle.<\/p>\n\n\n\n<p>Alem do Delphi padr\u00e3o tenho muita experi\u00eancia em projetos com Lazarus.<\/p>\n\n\n\n<p>Muita experiencia com vers\u00e3o at\u00e9 delphi 2007, onde desenvolvi aplica\u00e7\u00f5es de ERP em constru\u00e7\u00e3o Cliente\/Server. Usando ADO, BDE, IBX, Zeos.<\/p>\n\n\n\n<p>Alem disso vivencia com relat\u00f3rios, e integra\u00e7\u00e3o com Hardware.<\/p>\n\n\n\n<p><\/p>\n\n\n\n<h3 class=\"wp-block-heading\">Lazarus<\/h3>\n\n\n\n<p>Tenho forte vivencia desenvolvendo aplica\u00e7\u00f5es multi plataformas.<\/p>\n\n\n\n<p>Tenho gosto especial, no desenvolvimento de aplica\u00e7\u00f5es de integra\u00e7\u00e3o com Hardware, em especial para linux, pois j\u00e1 atuei muito.<\/p>\n\n\n\n<figure class=\"wp-block-embed is-type-video is-provider-youtube wp-block-embed-youtube wp-embed-aspect-16-9 wp-has-aspect-ratio\"><div class=\"wp-block-embed__wrapper\">\n<iframe loading=\"lazy\" title=\"imprimindo c\u00f3digo de barras na elgin i9\" width=\"1170\" height=\"658\" src=\"https:\/\/www.youtube.com\/embed\/9g7Qc1nfZIc?feature=oembed\" frameborder=\"0\" allow=\"accelerometer; autoplay; clipboard-write; encrypted-media; gyroscope; picture-in-picture; web-share\" referrerpolicy=\"strict-origin-when-cross-origin\" allowfullscreen><\/iframe>\n<\/div><figcaption class=\"wp-element-caption\">Lib de desenvolvimento Impressora Termica &#8211; Protocolo ESC-POS Elgin I9<\/figcaption><\/figure>\n\n\n\n<h4 class=\"wp-block-heading\">FILA<\/h4>\n\n\n\n<p>Tenho exemplos de projetos de automa\u00e7\u00e3o comercial nesta ferramenta, como o <a href=\"http:\/\/maurinsoft.com.br\/index.php\/projeto-fila\/\">FILA<\/a>, que permite fazer uso de uma impressora termica para imprimir tickets de fila. <\/p>\n\n\n\n<figure class=\"wp-block-embed is-type-video is-provider-youtube wp-block-embed-youtube wp-embed-aspect-4-3 wp-has-aspect-ratio\"><div class=\"wp-block-embed__wrapper\">\n<iframe loading=\"lazy\" title=\"teste da impressora nao fiscal POS-58\" width=\"1170\" height=\"878\" src=\"https:\/\/www.youtube.com\/embed\/JwhvF-BiBzk?feature=oembed\" frameborder=\"0\" allow=\"accelerometer; autoplay; clipboard-write; encrypted-media; gyroscope; picture-in-picture; web-share\" referrerpolicy=\"strict-origin-when-cross-origin\" allowfullscreen><\/iframe>\n<\/div><\/figure>\n\n\n\n<p>Este projeto utiliza alem de <strong>Fortes Reports<\/strong> para imprimir, conceitos de socket TCP para comunica\u00e7\u00e3o com programa chamador.<\/p>\n\n\n\n<h3 class=\"wp-block-heading\" id=\"mce_0\">Vers\u00f5es Embarcadeiro<\/h3>\n\n\n\n<p>\n\nEm 2017, fiz curso de nivelamento em Ribeir\u00e3o Preto, para vers\u00f5es XE10, onde fiz atrav\u00e9s de parceria com o PISO.\n\n<\/p>\n\n\n\n<h3 class=\"wp-block-heading\">Aplica\u00e7\u00e3o mobile <\/h3>\n\n\n\n<p>Desenvolvimento de aplica\u00e7\u00e3o Mobile (android), para controle de senha.<\/p>\n\n\n\n<figure class=\"wp-block-embed is-type-video is-provider-youtube wp-block-embed-youtube wp-embed-aspect-16-9 wp-has-aspect-ratio\"><div class=\"wp-block-embed__wrapper\">\n<iframe loading=\"lazy\" title=\"painel instala\u00e7\u00e3o em MX9 e MXQ TV BOX\" width=\"1170\" height=\"658\" src=\"https:\/\/www.youtube.com\/embed\/zOccyjB8nTs?start=188&#038;feature=oembed\" frameborder=\"0\" allow=\"accelerometer; autoplay; clipboard-write; encrypted-media; gyroscope; picture-in-picture; web-share\" referrerpolicy=\"strict-origin-when-cross-origin\" allowfullscreen><\/iframe>\n<\/div><\/figure>\n\n\n\n<h3 class=\"wp-block-heading\">Exemplos de projetos<\/h3>\n\n\n\n<p><a href=\"http:\/\/maurinsoft.com.br\/index.php\/projeto-mnote2\/\">MNOTE2<\/a>, editor de texto multi plataforma. Desenvolvido em Lazarus.<\/p>\n\n\n\n<p><a href=\"http:\/\/maurinsoft.com.br\/wp\/en\/download\/clientSMSAlpha1.zip\/\">Cliente Mysql <\/a>para Pesquisa usando Mysqlclient, para apenas <a href=\"http:\/\/maurinsoft.com.br\/wp\/en\/download\/clientSMS_setup.exe\/\">instalador<\/a>, click aqui. (Delphi)<\/p>\n\n\n\n<p><a href=\"http:\/\/maurinsoft.com.br\/wp\/en\/consinco\/download\/banco.zip\/\">Scripts de banco SQLite.<\/a><\/p>\n\n\n\n<p>Exemplo de <a href=\"http:\/\/maurinsoft.com.br\/wp\/en\/consinco\/download\/wsphp.zip\/\">fonte <\/a>Web Service escrito em PHP que ser\u00e1 consumido pelo Delphi e Lazarus.<\/p>\n\n\n\n<p><a href=\"http:\/\/maurinsoft.com.br\/wp\/en\/consinco\/download\/lazarusCS.zip\/\">Cliente\/Server SQLite CRUD de estoque<\/a> escrito em lazarus.<\/p>\n\n\n\n<p><a href=\"http:\/\/maurinsoft.com.br\/wp\/en\/download\/src_clienteSMS2.zip\/\">Exemplo Aplica\u00e7\u00e3o Cliente\/Servidor em Mysql.<\/a><\/p>\n\n\n\n<p>Consumindo REST via socket em Delphi. Apenas instalador. (Delphi)<\/p>\n\n\n\n<p><a href=\"http:\/\/maurinsoft.com.br\/wp\/en\/consinco\/php\/cliente\/\">Pesquisa do REST exemplo pela web<\/a>, integrado no mesmo rest e client mysq (PHP).<\/p>\n\n\n\n<p>Exemplo de Script para <a href=\"http:\/\/maurinsoft.com.br\/wp\/en\/download\/jobs.sql\/\">inclus\u00e3o do tabela<\/a>. <\/p>\n\n\n\n<p><a href=\"http:\/\/maurinsoft.com.br\/wp\/en\/ws\/sJobSMS.php\/\">Web Service consumido em PHP\/JS<\/a><\/p>\n\n\n\n<h2 class=\"wp-block-heading\">POSTs relacionados<\/h2>\n\n\n\n<h3 class=\"wp-block-heading\">Posts de Lazarus<\/h3>\n\n\n<ul class=\"wp-block-latest-posts__list has-dates wp-block-latest-posts\"><li><a class=\"wp-block-latest-posts__post-title\" href=\"https:\/\/maurinsoft.com.br\/wp\/en\/versao-2-13-linux-e-windows\/\">Vers\u00e3o 2.13 Linux e Windows<\/a><time datetime=\"2022-07-11T17:24:15-03:00\" class=\"wp-block-latest-posts__post-date\">11 de July de 2022<\/time><\/li>\n<li><a class=\"wp-block-latest-posts__post-title\" href=\"https:\/\/maurinsoft.com.br\/wp\/en\/mnote2-2-11\/\">MNote2 &#8211; 2.11<\/a><time datetime=\"2022-07-10T16:15:03-03:00\" class=\"wp-block-latest-posts__post-date\">10 de July de 2022<\/time><\/li>\n<li><a class=\"wp-block-latest-posts__post-title\" href=\"https:\/\/maurinsoft.com.br\/wp\/en\/liberado-a-versao-2-10-linux\/\">Liberado a vers\u00e3o 2.10 Linux<\/a><time datetime=\"2022-06-11T15:05:44-03:00\" class=\"wp-block-latest-posts__post-date\">11 de June de 2022<\/time><\/li>\n<li><a class=\"wp-block-latest-posts__post-title\" href=\"https:\/\/maurinsoft.com.br\/wp\/en\/instalacao-do-lazarus-no-macos\/\">Instala\u00e7\u00e3o do Lazarus no MACOS<\/a><time datetime=\"2022-04-05T10:34:23-03:00\" class=\"wp-block-latest-posts__post-date\">5 de April de 2022<\/time><\/li>\n<li><a class=\"wp-block-latest-posts__post-title\" href=\"https:\/\/maurinsoft.com.br\/wp\/en\/introducao-lazarus-e-sqlite\/\">Introdu\u00e7\u00e3o Lazarus com SQLite<\/a><time datetime=\"2022-03-27T10:43:54-03:00\" class=\"wp-block-latest-posts__post-date\">27 de March de 2022<\/time><\/li>\n<li><a class=\"wp-block-latest-posts__post-title\" href=\"https:\/\/maurinsoft.com.br\/wp\/en\/criando-pacote-de-instalador-debian\/\">Criando Pacote de Instalador Debian<\/a><time datetime=\"2022-03-01T10:01:00-03:00\" class=\"wp-block-latest-posts__post-date\">1 de March de 2022<\/time><\/li>\n<li><a class=\"wp-block-latest-posts__post-title\" href=\"https:\/\/maurinsoft.com.br\/wp\/en\/novidades-no-ssc-2-3\/\">Novidades no SSC 2.3<\/a><time datetime=\"2022-02-28T15:26:47-03:00\" class=\"wp-block-latest-posts__post-date\">28 de February de 2022<\/time><\/li>\n<li><a class=\"wp-block-latest-posts__post-title\" href=\"https:\/\/maurinsoft.com.br\/wp\/en\/exemplo-de-pacote-debian-parte-1\/\">Exemplo de Pacote debian &#8211; Parte 1<\/a><time datetime=\"2022-02-18T11:00:56-03:00\" class=\"wp-block-latest-posts__post-date\">18 de February de 2022<\/time><\/li>\n<li><a class=\"wp-block-latest-posts__post-title\" href=\"https:\/\/maurinsoft.com.br\/wp\/en\/implementando-uma-interface-no-lazarus\/\">Implementando uma Interface no Lazarus<\/a><time datetime=\"2022-02-03T12:20:56-03:00\" class=\"wp-block-latest-posts__post-date\">3 de February de 2022<\/time><\/li>\n<li><a class=\"wp-block-latest-posts__post-title\" href=\"https:\/\/maurinsoft.com.br\/wp\/en\/criando-um-guid-no-lazarus\/\">Criando um GUID no Lazarus<\/a><time datetime=\"2022-02-03T11:20:56-03:00\" class=\"wp-block-latest-posts__post-date\">3 de February de 2022<\/time><\/li>\n<li><a class=\"wp-block-latest-posts__post-title\" href=\"https:\/\/maurinsoft.com.br\/wp\/en\/mysql-com-c-lazarus-python-php-r-parte-1\/\">Mysql com C\/Lazarus\/Python\/PHP\/R &#8211; Parte 1<\/a><time datetime=\"2022-01-31T07:28:14-03:00\" class=\"wp-block-latest-posts__post-date\">31 de January de 2022<\/time><\/li>\n<li><a class=\"wp-block-latest-posts__post-title\" href=\"https:\/\/maurinsoft.com.br\/wp\/en\/gerando-assinatura-no-apk-lazarus\/\">Gerando assinatura no APK Lazarus<\/a><time datetime=\"2021-05-07T15:39:26-03:00\" class=\"wp-block-latest-posts__post-date\">7 de May de 2021<\/time><\/li>\n<li><a class=\"wp-block-latest-posts__post-title\" href=\"https:\/\/maurinsoft.com.br\/wp\/en\/comandos-do-gdb\/\">Comandos do GDB<\/a><time datetime=\"2021-02-08T14:38:04-03:00\" class=\"wp-block-latest-posts__post-date\">8 de February de 2021<\/time><\/li>\n<li><a class=\"wp-block-latest-posts__post-title\" href=\"https:\/\/maurinsoft.com.br\/wp\/en\/lendo-informacoes-da-bios\/\">Lendo informa\u00e7\u00f5es da BIOS<\/a><time datetime=\"2020-12-25T21:56:31-03:00\" class=\"wp-block-latest-posts__post-date\">25 de December de 2020<\/time><\/li>\n<li><a class=\"wp-block-latest-posts__post-title\" href=\"https:\/\/maurinsoft.com.br\/wp\/en\/instalando-fpcupdeluxe-windows\/\">Instalando fpcupdeluxe Windows<\/a><time datetime=\"2020-10-13T17:16:46-03:00\" class=\"wp-block-latest-posts__post-date\">13 de October de 2020<\/time><\/li>\n<\/ul>\n\n\n<h3 class=\"wp-block-heading\">Posts de Delphi<\/h3>\n\n\n<ul class=\"wp-block-latest-posts__list has-dates wp-block-latest-posts\"><li><a class=\"wp-block-latest-posts__post-title\" href=\"https:\/\/maurinsoft.com.br\/wp\/en\/mnote2-2-11\/\">MNote2 &#8211; 2.11<\/a><time datetime=\"2022-07-10T16:15:03-03:00\" class=\"wp-block-latest-posts__post-date\">10 de July de 2022<\/time><\/li>\n<li><a class=\"wp-block-latest-posts__post-title\" href=\"https:\/\/maurinsoft.com.br\/wp\/en\/threads-para-raiz-parte-1\/\">Threads para Raiz &#8211; Parte 1<\/a><time datetime=\"2022-07-02T12:59:38-03:00\" class=\"wp-block-latest-posts__post-date\">2 de July de 2022<\/time><\/li>\n<li><a class=\"wp-block-latest-posts__post-title\" href=\"https:\/\/maurinsoft.com.br\/wp\/en\/novidades-no-ssc-2-3\/\">Novidades no SSC 2.3<\/a><time datetime=\"2022-02-28T15:26:47-03:00\" class=\"wp-block-latest-posts__post-date\">28 de February de 2022<\/time><\/li>\n<li><a class=\"wp-block-latest-posts__post-title\" href=\"https:\/\/maurinsoft.com.br\/wp\/en\/exemplo-de-pacote-debian-parte-1\/\">Exemplo de Pacote debian &#8211; Parte 1<\/a><time datetime=\"2022-02-18T11:00:56-03:00\" class=\"wp-block-latest-posts__post-date\">18 de February de 2022<\/time><\/li>\n<li><a class=\"wp-block-latest-posts__post-title\" href=\"https:\/\/maurinsoft.com.br\/wp\/en\/criando-um-guid-no-lazarus\/\">Criando um GUID no Lazarus<\/a><time datetime=\"2022-02-03T11:20:56-03:00\" class=\"wp-block-latest-posts__post-date\">3 de February de 2022<\/time><\/li>\n<li><a class=\"wp-block-latest-posts__post-title\" href=\"https:\/\/maurinsoft.com.br\/wp\/en\/mysql-com-c-lazarus-python-php-r-parte-1\/\">Mysql com C\/Lazarus\/Python\/PHP\/R &#8211; Parte 1<\/a><time datetime=\"2022-01-31T07:28:14-03:00\" class=\"wp-block-latest-posts__post-date\">31 de January de 2022<\/time><\/li>\n<li><a class=\"wp-block-latest-posts__post-title\" href=\"https:\/\/maurinsoft.com.br\/wp\/en\/comandos-do-gdb\/\">Comandos do GDB<\/a><time datetime=\"2021-02-08T14:38:04-03:00\" class=\"wp-block-latest-posts__post-date\">8 de February de 2021<\/time><\/li>\n<li><a class=\"wp-block-latest-posts__post-title\" href=\"https:\/\/maurinsoft.com.br\/wp\/en\/ler-temperatura-placa-de-video-nvidia\/\">Ler Temperatura Placa de Video NVIDIA<\/a><time datetime=\"2021-01-26T20:27:01-03:00\" class=\"wp-block-latest-posts__post-date\">26 de January de 2021<\/time><\/li>\n<li><a class=\"wp-block-latest-posts__post-title\" href=\"https:\/\/maurinsoft.com.br\/wp\/en\/instalando-fpcupdeluxe-windows\/\">Instalando fpcupdeluxe Windows<\/a><time datetime=\"2020-10-13T17:16:46-03:00\" class=\"wp-block-latest-posts__post-date\">13 de October de 2020<\/time><\/li>\n<li><a class=\"wp-block-latest-posts__post-title\" href=\"https:\/\/maurinsoft.com.br\/wp\/en\/exemplo-de-firedac-em-delphi-xe10\/\">Exemplo de Firedac em Delphi XE10<\/a><time datetime=\"2019-03-09T10:44:43-03:00\" class=\"wp-block-latest-posts__post-date\">9 de March de 2019<\/time><\/li>\n<\/ul>","protected":false},"excerpt":{"rendered":"<p>Projetos em Delphi Meu cv delphi Trajet\u00f3ria com Delphi Minha longa trajet\u00f3ria com Delphi remonta 1999, onde comece com a vers\u00e3o 3. Entre projetos que atuei est\u00e3o desenvolvimento de ERPs para empresas, tais como Assobrav Volkswagen, Config. Delphi 7 ADO\/ORACLE. Entre empresas que trabalhei com Delphi, Sistemas de controle de ponto (ICATEL\/Telem\u00e1tica), desenvolvendo sistemas de [&hellip;]<\/p>","protected":false},"author":1,"featured_media":0,"parent":101,"menu_order":0,"comment_status":"closed","ping_status":"closed","template":"","meta":{"footnotes":""},"class_list":["post-896","page","type-page","status-publish","hentry"],"_links":{"self":[{"href":"https:\/\/maurinsoft.com.br\/wp\/en\/wp-json\/wp\/v2\/pages\/896","targetHints":{"allow":["GET"]}}],"collection":[{"href":"https:\/\/maurinsoft.com.br\/wp\/en\/wp-json\/wp\/v2\/pages"}],"about":[{"href":"https:\/\/maurinsoft.com.br\/wp\/en\/wp-json\/wp\/v2\/types\/page"}],"author":[{"embeddable":true,"href":"https:\/\/maurinsoft.com.br\/wp\/en\/wp-json\/wp\/v2\/users\/1"}],"replies":[{"embeddable":true,"href":"https:\/\/maurinsoft.com.br\/wp\/en\/wp-json\/wp\/v2\/comments?post=896"}],"version-history":[{"count":2,"href":"https:\/\/maurinsoft.com.br\/wp\/en\/wp-json\/wp\/v2\/pages\/896\/revisions"}],"predecessor-version":[{"id":23670,"href":"https:\/\/maurinsoft.com.br\/wp\/en\/wp-json\/wp\/v2\/pages\/896\/revisions\/23670"}],"up":[{"embeddable":true,"href":"https:\/\/maurinsoft.com.br\/wp\/en\/wp-json\/wp\/v2\/pages\/101"}],"wp:attachment":[{"href":"https:\/\/maurinsoft.com.br\/wp\/en\/wp-json\/wp\/v2\/media?parent=896"}],"curies":[{"name":"wp","href":"https:\/\/api.w.org\/{rel}","templated":true}]}}