{"id":20152,"date":"2022-03-28T21:46:29","date_gmt":"2022-03-29T00:46:29","guid":{"rendered":"http:\/\/maurinsoft.com.br\/?page_id=20152"},"modified":"2025-02-18T18:58:06","modified_gmt":"2025-02-18T21:58:06","slug":"etiqueta","status":"publish","type":"page","link":"https:\/\/maurinsoft.com.br\/wp\/etiqueta\/","title":{"rendered":"Etiqueta"},"content":{"rendered":"\n<p>Este projeto visa gerar etiquetas em impressoras Zebra.<\/p>\n\n\n\n<p>A impressora utilizada para homologar \u00e9 a Elgin <strong>L42 PRO<\/strong>.<\/p>\n\n\n\n<p>Ele gera etiquetas de Gondola, de forma simples e intuitiva.<\/p>\n\n\n\n<figure class=\"wp-block-embed is-type-video is-provider-youtube wp-block-embed-youtube wp-embed-aspect-16-9 wp-has-aspect-ratio\"><div class=\"wp-block-embed__wrapper\">\n<iframe loading=\"lazy\" title=\"Projeto Etiqueta 01.02 - Demonstra\u00e7\u00e3o para impress\u00e3o gondola\" width=\"1170\" height=\"658\" src=\"https:\/\/www.youtube.com\/embed\/gqh8ugckk6U?feature=oembed\" frameborder=\"0\" allow=\"accelerometer; autoplay; clipboard-write; encrypted-media; gyroscope; picture-in-picture; web-share\" referrerpolicy=\"strict-origin-when-cross-origin\" allowfullscreen><\/iframe>\n<\/div><figcaption class=\"wp-element-caption\">Procedimento de instala\u00e7\u00e3o<\/figcaption><\/figure>\n\n\n\n<p><\/p>\n\n\n\n<h2 class=\"wp-block-heading\" id=\"licenciamento\">Licenciamento<\/h2>\n\n\n\n<p>O Projeto \u00e9 Open Source, permite  a utiliza\u00e7\u00e3o livre de custas. Porem sua redistribui\u00e7\u00e3o ou modifica\u00e7\u00e3o fica vinculado a pr\u00e9via autoriza\u00e7\u00e3o do Fabricante (<strong>Maurinsoft<\/strong>). Fica tambem facultada a Maurinsoft a venda e comercializa\u00e7\u00e3o deste, bem como seus legais representantes.<\/p>\n\n\n\n<p>A Maurinsoft n\u00e3o permite a mudan\u00e7a ou customiza\u00e7\u00e3o de seus softwares, inclusive e n\u00e3o limitado a aplica\u00e7\u00f5es de seus softwares.<\/p>\n\n\n\n<h2 class=\"wp-block-heading\" id=\"git-do-projeto\">GIT do Projeto<\/h2>\n\n\n\n<p><a rel=\"noreferrer noopener\" href=\"https:\/\/github.com\/marcelomaurin\/Etiquetas\" target=\"_blank\">marcelomaurin\/Etiquetas: Software de Gerenciamento de Etiquetas para impressoras Zebra (github.com)<\/a><\/p>\n\n\n\n<h2 class=\"wp-block-heading\" id=\"documentacao\">Documenta\u00e7\u00e3o<\/h2>\n\n\n\n<p>O Projeto tem sido documentado, e o material de documenta\u00e7\u00e3o pode ser visto no link abaixo:<\/p>\n\n\n\n<ul class=\"wp-block-list\">\n<li><a href=\"http:\/\/maurinsoft.com.br\/index.php\/docs\/etiquetas\/\" target=\"_blank\" rel=\"noreferrer noopener\">Documenta\u00e7\u00e3o do projeto<\/a><\/li>\n<\/ul>\n\n\n\n<h2 class=\"wp-block-heading\" id=\"instaladores\">Instaladores<\/h2>\n\n\n\n<p>Os instaladores podem ser baixados no link abaixo:<\/p>\n\n\n\n<p><a href=\"https:\/\/github.com\/marcelomaurin\/Etiquetas\/tree\/main\/bin\">https:\/\/github.com\/marcelomaurin\/Etiquetas\/tree\/main\/bin<\/a><\/p>\n\n\n\n<h2 class=\"wp-block-heading\" id=\"screens\">Screens<\/h2>\n\n\n<div class=\"wp-block-image\">\n<figure class=\"aligncenter size-full\"><img decoding=\"async\" src=\"http:\/\/maurinsoft.com.br\/wp-content\/uploads\/2022\/03\/image-36.png\" alt=\"\" class=\"wp-image-20170\"\/><figcaption class=\"wp-element-caption\">Tela principal<\/figcaption><\/figure>\n<\/div>\n\n<div class=\"wp-block-image\">\n<figure class=\"aligncenter size-full\"><img decoding=\"async\" src=\"http:\/\/maurinsoft.com.br\/wp-content\/uploads\/2022\/03\/image-37.png\" alt=\"\" class=\"wp-image-20171\"\/><figcaption class=\"wp-element-caption\">Tela de Pesquisa de Produtos para Sele\u00e7\u00e3o<\/figcaption><\/figure>\n<\/div>\n\n<div class=\"wp-block-image\">\n<figure class=\"aligncenter size-full\"><img decoding=\"async\" src=\"http:\/\/maurinsoft.com.br\/wp-content\/uploads\/2022\/03\/image-38.png\" alt=\"\" class=\"wp-image-20172\"\/><figcaption class=\"wp-element-caption\">Tela de Produtos selecionados (em desenvolvimento)<\/figcaption><\/figure>\n<\/div>\n\n<div class=\"wp-block-image\">\n<figure class=\"aligncenter size-full\"><img decoding=\"async\" src=\"http:\/\/maurinsoft.com.br\/wp-content\/uploads\/2022\/03\/image-39.png\" alt=\"\" class=\"wp-image-20173\"\/><figcaption class=\"wp-element-caption\">Tela de Impress\u00e3o de etiqueta de gondola<\/figcaption><\/figure>\n<\/div>\n\n\n<p><strong>Plano de Neg\u00f3cios:<\/strong><\/p>\n\n\n\n<figure class=\"wp-block-embed is-type-wp-embed is-provider-m-dia-incorporada wp-block-embed-m-dia-incorporada\"><div class=\"wp-block-embed__wrapper\">\n<blockquote class=\"wp-embedded-content\" data-secret=\"UViXaXxWdt\"><a href=\"https:\/\/maurinsoft.com.br\/plano-de-negocios-customizacao-de-software-open-source\/\">Plano de Neg\u00f3cios: Customiza\u00e7\u00e3o de Software Open Source<\/a><\/blockquote><iframe loading=\"lazy\" class=\"wp-embedded-content\" sandbox=\"allow-scripts\" security=\"restricted\" style=\"position: absolute; visibility: hidden;\" title=\"&#8220;Plano de Neg\u00f3cios: Customiza\u00e7\u00e3o de Software Open Source&#8221; &#8212; \" src=\"https:\/\/maurinsoft.com.br\/plano-de-negocios-customizacao-de-software-open-source\/embed\/#?secret=O3ewPmVkRT#?secret=UViXaXxWdt\" data-secret=\"UViXaXxWdt\" width=\"600\" height=\"338\" frameborder=\"0\" marginwidth=\"0\" marginheight=\"0\" scrolling=\"no\"><\/iframe>\n<\/div><\/figure>\n\n\n\n<h3 class=\"wp-block-heading\">NEWS<\/h3>\n\n\n<ul class=\"wp-block-latest-posts__list has-dates wp-block-latest-posts has-medium-font-size\"><li><a class=\"wp-block-latest-posts__post-title\" href=\"https:\/\/maurinsoft.com.br\/wp\/instalando-sphinx-no-windows\/\">Instalando Sphinx no Windows<\/a><time datetime=\"2023-08-19T08:31:40-03:00\" class=\"wp-block-latest-posts__post-date\">19 de agosto de 2023<\/time><div class=\"wp-block-latest-posts__post-excerpt\">Em artigos anteriores eu apresentei o uso e instala\u00e7\u00e3o do CMU Sphinx no Linux. Neste artigo irei retratar a instala\u00e7\u00e3o no windows. Primeiro baixe o projeto CMU Sphinx do git: O git do projeto: https:\/\/github.com\/cmusphinx\/sphinxtrain Em seguida instale o Visual Studio 2020 Express: https:\/\/visualstudio.microsoft.com\/pt-br\/vs\/express\/ Ap\u00f3s a instala\u00e7\u00e3o, entre no visual studio e abra o projeto\u2026 <a class=\"wp-block-latest-posts__read-more\" href=\"https:\/\/maurinsoft.com.br\/wp\/instalando-sphinx-no-windows\/\" rel=\"noopener noreferrer\">Leia mais<span class=\"screen-reader-text\">: Instalando Sphinx no Windows<\/span><\/a><\/div><\/li>\n<li><a class=\"wp-block-latest-posts__post-title\" href=\"https:\/\/maurinsoft.com.br\/wp\/reconhecimento-de-voz-primeiros-passos\/\">Reconhecimento de voz &#8211; primeiros passos<\/a><time datetime=\"2023-08-19T07:32:46-03:00\" class=\"wp-block-latest-posts__post-date\">19 de agosto de 2023<\/time><div class=\"wp-block-latest-posts__post-excerpt\">Iremos falar do processo de instala\u00e7\u00e3o do SpeechRecognition. https:\/\/pypi.org\/project\/SpeechRecognition\/ Que permite reconhecer voz e converter para texto, utilizando o google e outros m\u00e9todos como o CMU Speech. Instala\u00e7\u00e3o no ubuntu: Irei abordar todos estes processos em outros artigos. Porem neste vamos preparar o ambiente para o uso em python. Por enquanto \u00e9 s\u00f3. Nos pr\u00f3ximos\u2026 <a class=\"wp-block-latest-posts__read-more\" href=\"https:\/\/maurinsoft.com.br\/wp\/reconhecimento-de-voz-primeiros-passos\/\" rel=\"noopener noreferrer\">Leia mais<span class=\"screen-reader-text\">: Reconhecimento de voz &#8211; primeiros passos<\/span><\/a><\/div><\/li>\n<li><a class=\"wp-block-latest-posts__post-title\" href=\"https:\/\/maurinsoft.com.br\/wp\/sphinx-reconhecimento-de-texto\/\">Sphinx reconhecimento de audio gravado<\/a><time datetime=\"2022-02-13T13:43:33-03:00\" class=\"wp-block-latest-posts__post-date\">13 de fevereiro de 2022<\/time><div class=\"wp-block-latest-posts__post-excerpt\">Para este experimento iremos utilizar o seguinte texto: https:\/\/www.nasa.gov\/mp3\/586447main_JFKwechoosemoonspeech.mp3 Trata-se do famoso discurso de J.F. Kenedy, sobre a necessidade de ir a lua. A transcri\u00e7\u00e3o do audio, pode ser vista neste link. JFK RICE MOON SPEECH (nasa.gov) Prepara\u00e7\u00e3o do Arquivo Primeiramente precisamos converter o texto em wav. ffmpeg -i 586447main_JFKwechoosemoonspeech.mp3 -ar 16000 -ac -1 jfk.wav\u2026 <a class=\"wp-block-latest-posts__read-more\" href=\"https:\/\/maurinsoft.com.br\/wp\/sphinx-reconhecimento-de-texto\/\" rel=\"noopener noreferrer\">Leia mais<span class=\"screen-reader-text\">: Sphinx reconhecimento de audio gravado<\/span><\/a><\/div><\/li>\n<li><a class=\"wp-block-latest-posts__post-title\" href=\"https:\/\/maurinsoft.com.br\/wp\/cmu-sphinx\/\">CMU Sphinx<\/a><time datetime=\"2022-02-13T10:43:02-03:00\" class=\"wp-block-latest-posts__post-date\">13 de fevereiro de 2022<\/time><div class=\"wp-block-latest-posts__post-excerpt\">Temos visto uma crescente de IoT desenvolvidos especificamente para reconhecer comandos de seu dono, tais dispositivos, como Alexa ou o Google Home, tem se tornado, bem popular. Iremos neste artigo, aprender a criar nosso pr\u00f3prio google home. O que \u00e9 o CMU Sphinx CMU Sphinx \u00e9 uma api de reconhecimento de voz. Ela \u00e9 bastante\u2026 <a class=\"wp-block-latest-posts__read-more\" href=\"https:\/\/maurinsoft.com.br\/wp\/cmu-sphinx\/\" rel=\"noopener noreferrer\">Leia mais<span class=\"screen-reader-text\">: CMU Sphinx<\/span><\/a><\/div><\/li>\n<li><a class=\"wp-block-latest-posts__post-title\" href=\"https:\/\/maurinsoft.com.br\/wp\/montagem-de-codigo-em-c-com-ninja\/\">Montagem de c\u00f3digo em C com Ninja<\/a><time datetime=\"2021-07-10T11:34:24-03:00\" class=\"wp-block-latest-posts__post-date\">10 de julho de 2021<\/time><div class=\"wp-block-latest-posts__post-excerpt\">Defini\u00e7\u00e3o Ninja \u00e9 um pequeno conjunto de ferramentas, desenvolvido por Evan Martin, um empregado da Google. Ninja foi usado em diversas constru\u00e7\u00f5es de aplica\u00e7\u00f5es. Entre suas vantagens est\u00e3o a facilidade de montagem de aplica\u00e7\u00e3o, a velocidade e rapidez. Outra vantagem \u00e9 a capacidade de construir aplica\u00e7\u00f5es em multiplos SOs. (Windows, Linux, MacOS). Refer\u00eancia: https:\/\/en.wikipedia.org\/wiki\/Ninja_(build_system) Constru\u00e7\u00e3o\u2026 <a class=\"wp-block-latest-posts__read-more\" href=\"https:\/\/maurinsoft.com.br\/wp\/montagem-de-codigo-em-c-com-ninja\/\" rel=\"noopener noreferrer\">Leia mais<span class=\"screen-reader-text\">: Montagem de c\u00f3digo em C com Ninja<\/span><\/a><\/div><\/li>\n<\/ul>","protected":false},"excerpt":{"rendered":"<p>Este projeto visa gerar etiquetas em impressoras Zebra. A impressora utilizada para homologar \u00e9 a Elgin L42 PRO. Ele gera etiquetas de Gondola, de forma simples e intuitiva. Licenciamento O Projeto \u00e9 Open Source, permite a utiliza\u00e7\u00e3o livre de custas. Porem sua redistribui\u00e7\u00e3o ou modifica\u00e7\u00e3o fica vinculado a pr\u00e9via autoriza\u00e7\u00e3o do Fabricante (Maurinsoft). Fica tambem [&hellip;]<\/p>\n","protected":false},"author":1,"featured_media":0,"parent":0,"menu_order":0,"comment_status":"closed","ping_status":"closed","template":"","meta":{"footnotes":""},"class_list":["post-20152","page","type-page","status-publish","hentry"],"_links":{"self":[{"href":"https:\/\/maurinsoft.com.br\/wp\/wp-json\/wp\/v2\/pages\/20152","targetHints":{"allow":["GET"]}}],"collection":[{"href":"https:\/\/maurinsoft.com.br\/wp\/wp-json\/wp\/v2\/pages"}],"about":[{"href":"https:\/\/maurinsoft.com.br\/wp\/wp-json\/wp\/v2\/types\/page"}],"author":[{"embeddable":true,"href":"https:\/\/maurinsoft.com.br\/wp\/wp-json\/wp\/v2\/users\/1"}],"replies":[{"embeddable":true,"href":"https:\/\/maurinsoft.com.br\/wp\/wp-json\/wp\/v2\/comments?post=20152"}],"version-history":[{"count":4,"href":"https:\/\/maurinsoft.com.br\/wp\/wp-json\/wp\/v2\/pages\/20152\/revisions"}],"predecessor-version":[{"id":25924,"href":"https:\/\/maurinsoft.com.br\/wp\/wp-json\/wp\/v2\/pages\/20152\/revisions\/25924"}],"wp:attachment":[{"href":"https:\/\/maurinsoft.com.br\/wp\/wp-json\/wp\/v2\/media?parent=20152"}],"curies":[{"name":"wp","href":"https:\/\/api.w.org\/{rel}","templated":true}]}}